{"id":13,"date":"2025-08-14T17:10:39","date_gmt":"2025-08-14T17:10:39","guid":{"rendered":"https:\/\/ballistic-medball.com\/?page_id=13"},"modified":"2025-09-08T17:00:42","modified_gmt":"2025-09-08T17:00:42","slug":"trang-chu","status":"publish","type":"page","link":"https:\/\/ballistic-medball.com\/","title":{"rendered":"Trang Ch\u1ee7"},"content":{"rendered":"\n<div class=\"row row-collapse row-full-width\"  id=\"row-591476737\">\n\n\n\t<div id=\"col-1293849109\" class=\"col small-12 large-12\"  >\n\t\t\t\t<div class=\"col-inner\"  >\n\t\t\t\n\t\t\t\n\n\n  <div class=\"banner has-hover\" id=\"banner-722193282\">\n          <div class=\"banner-inner fill\">\n        <div class=\"banner-bg fill\" >\n            <img loading=\"lazy\" decoding=\"async\" width=\"1920\" height=\"680\" src=\"https:\/\/ballistic-medball.com\/wp-content\/uploads\/2025\/09\/banner-img.jpg\" class=\"bg attachment-original size-original\" alt=\"\" \/>                                    \n                    <\/div>\n\t\t\n        <div class=\"banner-layers container\">\n            <div class=\"fill banner-link\"><\/div>            \n\n   <div id=\"text-box-1153811318\" class=\"text-box banner-layer x50 md-x50 lg-x50 y50 md-y50 lg-y50 res-text\">\n                     <div data-animate=\"fadeInUp\">           <div class=\"text-box-content text dark\">\n              \n              <div class=\"text-inner text-center\">\n                  \n\n<h2 class=\"uppercase\"><strong>Find Your Best Holiday<\/strong><\/h2>\n<p>Find great adventure holidays and activities around the planet<\/p>\n\n              <\/div>\n           <\/div>\n       <\/div>                     \n<style>\n#text-box-1153811318 {\n  width: 60%;\n}\n#text-box-1153811318 .text-box-content {\n  font-size: 100%;\n}\n<\/style>\n    <\/div>\n \n\n        <\/div>\n      <\/div>\n\n              <div class=\"height-fix is-invisible\"><img loading=\"lazy\" decoding=\"async\" width=\"1920\" height=\"680\" src=\"https:\/\/ballistic-medball.com\/wp-content\/uploads\/2025\/09\/banner-img.jpg\" class=\"attachment-original size-original\" alt=\"\" srcset=\"https:\/\/ballistic-medball.com\/wp-content\/uploads\/2025\/09\/banner-img.jpg 1920w, https:\/\/ballistic-medball.com\/wp-content\/uploads\/2025\/09\/banner-img-300x106.jpg 300w, https:\/\/ballistic-medball.com\/wp-content\/uploads\/2025\/09\/banner-img-1024x363.jpg 1024w, https:\/\/ballistic-medball.com\/wp-content\/uploads\/2025\/09\/banner-img-768x272.jpg 768w, https:\/\/ballistic-medball.com\/wp-content\/uploads\/2025\/09\/banner-img-1536x544.jpg 1536w\" sizes=\"auto, (max-width: 1920px) 100vw, 1920px\" \/><\/div>\n              <\/div>\n\n\n\n\t\t<\/div>\n\t\t\t\t\t<\/div>\n\n\t\n\n<\/div>\n<div class=\"row\"  id=\"row-146096656\">\n\n\n\t<div id=\"col-436921488\" class=\"col small-12 large-12\"  >\n\t\t\t\t<div class=\"col-inner\"  >\n\t\t\t\n\t\t\t\n\n<div class=\"container section-title-container\" style=\"margin-top:30px;\"><h1 class=\"section-title section-title-center\"><b><\/b><span class=\"section-title-main\" >FABET | FA BET | TRANG C\u00c1 \u0110\u1ed8 TH\u1ec2 THAO 2025<\/span><b><\/b><\/h1><\/div>\n\n\n\n<blockquote><p><span style=\"font-weight: 400;\">&nbsp;<\/span><a href=\"https:\/\/imgur.co.com\/\" target=\"_blank\" rel=\"noopener\"><b>Five88<\/b><\/a> \u2013 <a href=\"https:\/\/imgur.co.com\/\" target=\"_blank\" rel=\"noopener\"><strong>https:\/\/imgur.co.com\/<\/strong><\/a> <span style=\"font-weight: 400;\">N\u1ec1n t\u1ea3ng gi\u1ea3i tr\u00ed tr\u1ef1c tuy\u1ebfn<\/span><span style=\"font-weight: 400;\"> ra \u0111\u1eddi nh\u01b0 m\u1ed9t d\u1ea5u son ch\u00f3i l\u1ecdi kh\u1eb3ng \u0111\u1ecbnh v\u1ecb th\u1ebf c\u1ee7a m\u00ecnh tr\u00ean tr\u01b0\u1eddng qu\u1ed1c t\u1ebf. S\u00e2n ch\u01a1i t\u1eebng b\u01b0\u1edbc chi\u1ebfm l\u0129nh m\u1ecdi ng\u00f3c ng\u00e1ch trong ng\u00e0nh c\u00f4ng nghi\u1ec7p c\u00e1 c\u01b0\u1ee3c v\u01b0\u01a1n l\u00ean d\u1eabn \u0111\u1ea7u n\u0103m ch\u00e2u, ch\u1ea5n \u0111\u1ed9ng \u0111\u1ecba c\u1ea7u v\u1edbi nhi\u1ec1u si\u00eau ph\u1ea9m. T\u1ea1i th\u1ecb tr\u01b0\u1eddng Vi\u1ec7t Nam, nh\u00e0 c\u00e1i c\u0169ng lu\u00f4n gi\u1eef vai tr\u00f2 quan tr\u1ecdng v\u1edbi h\u00e0ng tri\u1ec7u h\u1ed9i vi\u00ean.<\/span><\/p><\/blockquote>\n\n<div class=\"container section-title-container\" style=\"margin-top:10px;\"><h2 class=\"section-title section-title-center\"><b><\/b><span class=\"section-title-main\" >B\u1ea3n Tin  Five88<\/span><b><\/b><\/h2><\/div>\n\n\n  \n    <div class=\"row large-columns-3 medium-columns-3 small-columns-1 row-small\" >\n  <div class=\"col post-item\" data-animate=\"fadeInDown\">\n\t\t\t<div class=\"col-inner\">\n\t\t\t\t<div class=\"box box-default box-text-bottom box-blog-post has-hover\">\n            \t\t\t\t\t<div class=\"box-image\" >\n  \t\t\t\t\t\t<div class=\"image-cover\" style=\"padding-top:56.25%;\">\n\t\t\t\t\t\t\t<a href=\"https:\/\/ballistic-medball.com\/?p=249\" class=\"plain\" aria-label=\"L\u00f4 k\u00e9p c\u00e2m \u2013 T\u1ed5ng h\u1ee3p c\u00e1c th\u00f4ng tin h\u1eefu \u00edch cho newbie\">\n\t\t\t\t\t\t\t\t<img loading=\"lazy\" decoding=\"async\" width=\"300\" height=\"150\" src=\"https:\/\/ballistic-medball.com\/wp-content\/uploads\/2025\/08\/gia-tri-cot-loi-won88-huong-toi-300x150.jpg\" class=\"attachment-medium size-medium wp-post-image\" alt=\"\" srcset=\"https:\/\/ballistic-medball.com\/wp-content\/uploads\/2025\/08\/gia-tri-cot-loi-won88-huong-toi-300x150.jpg 300w, https:\/\/ballistic-medball.com\/wp-content\/uploads\/2025\/08\/gia-tri-cot-loi-won88-huong-toi-768x384.jpg 768w, https:\/\/ballistic-medball.com\/wp-content\/uploads\/2025\/08\/gia-tri-cot-loi-won88-huong-toi.jpg 800w\" sizes=\"auto, (max-width: 300px) 100vw, 300px\" \/>\t\t\t\t\t\t\t<\/a>\n  \t\t\t\t\t\t\t  \t\t\t\t\t\t\t  \t\t\t\t\t\t<\/div>\n  \t\t\t\t\t\t  \t\t\t\t\t<\/div>\n          \t\t\t\t\t<div class=\"box-text text-center\" >\n\t\t\t\t\t<div class=\"box-text-inner blog-post-inner\">\n\n\t\t\t\t\t\n\t\t\t\t\t\t\t\t\t\t<h5 class=\"post-title is-large \">\n\t\t\t\t\t\t<a href=\"https:\/\/ballistic-medball.com\/?p=249\" class=\"plain\">L\u00f4 k\u00e9p c\u00e2m \u2013 T\u1ed5ng h\u1ee3p c\u00e1c th\u00f4ng tin h\u1eefu \u00edch cho newbie<\/a>\n\t\t\t\t\t<\/h5>\n\t\t\t\t\t\t\t\t\t\t<div class=\"is-divider\"><\/div>\n\t\t\t\t\t\t\t\t\t\t<p class=\"from_the_blog_excerpt \">\n\t\t\t\t\t\t06Th6 L\u00f4 \u0111\u1ec1 l\u00e0 m\u1ed9t tr\u00f2 ch\u01a1i ph\u1ed5 bi\u1ebfn v\u00e0 c\u00f3 h\u00e0ng ch\u1ee5c ph\u01b0\u01a1ng ph\u00e1p [...]\t\t\t\t\t<\/p>\n\t\t\t\t\t                    \n\t\t\t\t\t\n\t\t\t\t\t\n\t\t\t\t\t<\/div>\n\t\t\t\t\t<\/div>\n\t\t\t\t\t\t\t\t\t\t\t\t\t\t\t\t<div class=\"badge absolute top post-date badge-outline\">\n\t\t\t\t\t\t\t<div class=\"badge-inner\">\n\t\t\t\t\t\t\t\t<span class=\"post-date-day\">18<\/span><br>\n\t\t\t\t\t\t\t\t<span class=\"post-date-month is-xsmall\">Th8<\/span>\n\t\t\t\t\t\t\t<\/div>\n\t\t\t\t\t\t<\/div>\n\t\t\t\t\t\t\t\t\t<\/div>\n\t\t\t<\/div>\n\t\t<\/div><div class=\"col post-item\" data-animate=\"fadeInDown\">\n\t\t\t<div class=\"col-inner\">\n\t\t\t\t<div class=\"box box-default box-text-bottom box-blog-post has-hover\">\n            \t\t\t\t\t<div class=\"box-image\" >\n  \t\t\t\t\t\t<div class=\"image-cover\" style=\"padding-top:56.25%;\">\n\t\t\t\t\t\t\t<a href=\"https:\/\/ballistic-medball.com\/?p=247\" class=\"plain\" aria-label=\"X\u1ed5 s\u1ed1 nhanh \u2013 C\u00e1 c\u01b0\u1ee3c h\u1ea5p d\u1eabn, nh\u1eadn th\u01b0\u1edfng \u0111\u1eb3ng c\u1ea5p\">\n\t\t\t\t\t\t\t\t<img loading=\"lazy\" decoding=\"async\" width=\"300\" height=\"150\" src=\"https:\/\/ballistic-medball.com\/wp-content\/uploads\/2025\/08\/gia-tri-cot-loi-won88-huong-toi-300x150.jpg\" class=\"attachment-medium size-medium wp-post-image\" alt=\"\" srcset=\"https:\/\/ballistic-medball.com\/wp-content\/uploads\/2025\/08\/gia-tri-cot-loi-won88-huong-toi-300x150.jpg 300w, https:\/\/ballistic-medball.com\/wp-content\/uploads\/2025\/08\/gia-tri-cot-loi-won88-huong-toi-768x384.jpg 768w, https:\/\/ballistic-medball.com\/wp-content\/uploads\/2025\/08\/gia-tri-cot-loi-won88-huong-toi.jpg 800w\" sizes=\"auto, (max-width: 300px) 100vw, 300px\" \/>\t\t\t\t\t\t\t<\/a>\n  \t\t\t\t\t\t\t  \t\t\t\t\t\t\t  \t\t\t\t\t\t<\/div>\n  \t\t\t\t\t\t  \t\t\t\t\t<\/div>\n          \t\t\t\t\t<div class=\"box-text text-center\" >\n\t\t\t\t\t<div class=\"box-text-inner blog-post-inner\">\n\n\t\t\t\t\t\n\t\t\t\t\t\t\t\t\t\t<h5 class=\"post-title is-large \">\n\t\t\t\t\t\t<a href=\"https:\/\/ballistic-medball.com\/?p=247\" class=\"plain\">X\u1ed5 s\u1ed1 nhanh \u2013 C\u00e1 c\u01b0\u1ee3c h\u1ea5p d\u1eabn, nh\u1eadn th\u01b0\u1edfng \u0111\u1eb3ng c\u1ea5p<\/a>\n\t\t\t\t\t<\/h5>\n\t\t\t\t\t\t\t\t\t\t<div class=\"is-divider\"><\/div>\n\t\t\t\t\t\t\t\t\t\t<p class=\"from_the_blog_excerpt \">\n\t\t\t\t\t\t06Th6 L\u00f4 \u0111\u1ec1 l\u00e0 m\u1ed9t tr\u00f2 ch\u01a1i ph\u1ed5 bi\u1ebfn v\u00e0 c\u00f3 h\u00e0ng ch\u1ee5c ph\u01b0\u01a1ng ph\u00e1p [...]\t\t\t\t\t<\/p>\n\t\t\t\t\t                    \n\t\t\t\t\t\n\t\t\t\t\t\n\t\t\t\t\t<\/div>\n\t\t\t\t\t<\/div>\n\t\t\t\t\t\t\t\t\t\t\t\t\t\t\t\t<div class=\"badge absolute top post-date badge-outline\">\n\t\t\t\t\t\t\t<div class=\"badge-inner\">\n\t\t\t\t\t\t\t\t<span class=\"post-date-day\">18<\/span><br>\n\t\t\t\t\t\t\t\t<span class=\"post-date-month is-xsmall\">Th8<\/span>\n\t\t\t\t\t\t\t<\/div>\n\t\t\t\t\t\t<\/div>\n\t\t\t\t\t\t\t\t\t<\/div>\n\t\t\t<\/div>\n\t\t<\/div><div class=\"col post-item\" data-animate=\"fadeInDown\">\n\t\t\t<div class=\"col-inner\">\n\t\t\t\t<div class=\"box box-default box-text-bottom box-blog-post has-hover\">\n            \t\t\t\t\t<div class=\"box-image\" >\n  \t\t\t\t\t\t<div class=\"image-cover\" style=\"padding-top:56.25%;\">\n\t\t\t\t\t\t\t<a href=\"https:\/\/ballistic-medball.com\/?p=245\" class=\"plain\" aria-label=\"H\u00e9 l\u1ed9 36 c\u00e1ch t\u00ednh l\u00f4 \u0111\u1ec1 \u0111\u01b0\u1ee3c \u00e1p d\u1ee5ng nhi\u1ec1u nh\u1ea5t hi\u1ec7n nay\">\n\t\t\t\t\t\t\t\t<img loading=\"lazy\" decoding=\"async\" width=\"300\" height=\"150\" src=\"https:\/\/ballistic-medball.com\/wp-content\/uploads\/2025\/08\/gia-tri-cot-loi-won88-huong-toi-300x150.jpg\" class=\"attachment-medium size-medium wp-post-image\" alt=\"\" srcset=\"https:\/\/ballistic-medball.com\/wp-content\/uploads\/2025\/08\/gia-tri-cot-loi-won88-huong-toi-300x150.jpg 300w, https:\/\/ballistic-medball.com\/wp-content\/uploads\/2025\/08\/gia-tri-cot-loi-won88-huong-toi-768x384.jpg 768w, https:\/\/ballistic-medball.com\/wp-content\/uploads\/2025\/08\/gia-tri-cot-loi-won88-huong-toi.jpg 800w\" sizes=\"auto, (max-width: 300px) 100vw, 300px\" \/>\t\t\t\t\t\t\t<\/a>\n  \t\t\t\t\t\t\t  \t\t\t\t\t\t\t  \t\t\t\t\t\t<\/div>\n  \t\t\t\t\t\t  \t\t\t\t\t<\/div>\n          \t\t\t\t\t<div class=\"box-text text-center\" >\n\t\t\t\t\t<div class=\"box-text-inner blog-post-inner\">\n\n\t\t\t\t\t\n\t\t\t\t\t\t\t\t\t\t<h5 class=\"post-title is-large \">\n\t\t\t\t\t\t<a href=\"https:\/\/ballistic-medball.com\/?p=245\" class=\"plain\">H\u00e9 l\u1ed9 36 c\u00e1ch t\u00ednh l\u00f4 \u0111\u1ec1 \u0111\u01b0\u1ee3c \u00e1p d\u1ee5ng nhi\u1ec1u nh\u1ea5t hi\u1ec7n nay<\/a>\n\t\t\t\t\t<\/h5>\n\t\t\t\t\t\t\t\t\t\t<div class=\"is-divider\"><\/div>\n\t\t\t\t\t\t\t\t\t\t<p class=\"from_the_blog_excerpt \">\n\t\t\t\t\t\t06Th6 L\u00f4 \u0111\u1ec1 l\u00e0 m\u1ed9t tr\u00f2 ch\u01a1i ph\u1ed5 bi\u1ebfn v\u00e0 c\u00f3 h\u00e0ng ch\u1ee5c ph\u01b0\u01a1ng ph\u00e1p [...]\t\t\t\t\t<\/p>\n\t\t\t\t\t                    \n\t\t\t\t\t\n\t\t\t\t\t\n\t\t\t\t\t<\/div>\n\t\t\t\t\t<\/div>\n\t\t\t\t\t\t\t\t\t\t\t\t\t\t\t\t<div class=\"badge absolute top post-date badge-outline\">\n\t\t\t\t\t\t\t<div class=\"badge-inner\">\n\t\t\t\t\t\t\t\t<span class=\"post-date-day\">18<\/span><br>\n\t\t\t\t\t\t\t\t<span class=\"post-date-month is-xsmall\">Th8<\/span>\n\t\t\t\t\t\t\t<\/div>\n\t\t\t\t\t\t<\/div>\n\t\t\t\t\t\t\t\t\t<\/div>\n\t\t\t<\/div>\n\t\t<\/div><div class=\"col post-item\" data-animate=\"fadeInDown\">\n\t\t\t<div class=\"col-inner\">\n\t\t\t\t<div class=\"box box-default box-text-bottom box-blog-post has-hover\">\n            \t\t\t\t\t<div class=\"box-image\" >\n  \t\t\t\t\t\t<div class=\"image-cover\" style=\"padding-top:56.25%;\">\n\t\t\t\t\t\t\t<a href=\"https:\/\/ballistic-medball.com\/?p=243\" class=\"plain\" aria-label=\"Bao l\u00f4 l\u00e0 g\u00ec? C\u00e1c c\u00e1ch ch\u01a1i bao l\u00f4 hi\u1ec7u qu\u1ea3 nh\u1ea5t\">\n\t\t\t\t\t\t\t\t<img loading=\"lazy\" decoding=\"async\" width=\"300\" height=\"150\" src=\"https:\/\/ballistic-medball.com\/wp-content\/uploads\/2025\/08\/gia-tri-cot-loi-won88-huong-toi-300x150.jpg\" class=\"attachment-medium size-medium wp-post-image\" alt=\"\" srcset=\"https:\/\/ballistic-medball.com\/wp-content\/uploads\/2025\/08\/gia-tri-cot-loi-won88-huong-toi-300x150.jpg 300w, https:\/\/ballistic-medball.com\/wp-content\/uploads\/2025\/08\/gia-tri-cot-loi-won88-huong-toi-768x384.jpg 768w, https:\/\/ballistic-medball.com\/wp-content\/uploads\/2025\/08\/gia-tri-cot-loi-won88-huong-toi.jpg 800w\" sizes=\"auto, (max-width: 300px) 100vw, 300px\" \/>\t\t\t\t\t\t\t<\/a>\n  \t\t\t\t\t\t\t  \t\t\t\t\t\t\t  \t\t\t\t\t\t<\/div>\n  \t\t\t\t\t\t  \t\t\t\t\t<\/div>\n          \t\t\t\t\t<div class=\"box-text text-center\" >\n\t\t\t\t\t<div class=\"box-text-inner blog-post-inner\">\n\n\t\t\t\t\t\n\t\t\t\t\t\t\t\t\t\t<h5 class=\"post-title is-large \">\n\t\t\t\t\t\t<a href=\"https:\/\/ballistic-medball.com\/?p=243\" class=\"plain\">Bao l\u00f4 l\u00e0 g\u00ec? C\u00e1c c\u00e1ch ch\u01a1i bao l\u00f4 hi\u1ec7u qu\u1ea3 nh\u1ea5t<\/a>\n\t\t\t\t\t<\/h5>\n\t\t\t\t\t\t\t\t\t\t<div class=\"is-divider\"><\/div>\n\t\t\t\t\t\t\t\t\t\t<p class=\"from_the_blog_excerpt \">\n\t\t\t\t\t\t06Th6 L\u00f4 \u0111\u1ec1 l\u00e0 m\u1ed9t tr\u00f2 ch\u01a1i ph\u1ed5 bi\u1ebfn v\u00e0 c\u00f3 h\u00e0ng ch\u1ee5c ph\u01b0\u01a1ng ph\u00e1p [...]\t\t\t\t\t<\/p>\n\t\t\t\t\t                    \n\t\t\t\t\t\n\t\t\t\t\t\n\t\t\t\t\t<\/div>\n\t\t\t\t\t<\/div>\n\t\t\t\t\t\t\t\t\t\t\t\t\t\t\t\t<div class=\"badge absolute top post-date badge-outline\">\n\t\t\t\t\t\t\t<div class=\"badge-inner\">\n\t\t\t\t\t\t\t\t<span class=\"post-date-day\">18<\/span><br>\n\t\t\t\t\t\t\t\t<span class=\"post-date-month is-xsmall\">Th8<\/span>\n\t\t\t\t\t\t\t<\/div>\n\t\t\t\t\t\t<\/div>\n\t\t\t\t\t\t\t\t\t<\/div>\n\t\t\t<\/div>\n\t\t<\/div><div class=\"col post-item\" data-animate=\"fadeInDown\">\n\t\t\t<div class=\"col-inner\">\n\t\t\t\t<div class=\"box box-default box-text-bottom box-blog-post has-hover\">\n            \t\t\t\t\t<div class=\"box-image\" >\n  \t\t\t\t\t\t<div class=\"image-cover\" style=\"padding-top:56.25%;\">\n\t\t\t\t\t\t\t<a href=\"https:\/\/ballistic-medball.com\/?p=240\" class=\"plain\" aria-label=\"\u1ee8ng d\u1ee5ng s\u1ed5 m\u01a1 l\u00f4 \u0111\u1ec1 \u2013 T\u00ecm ki\u1ebfm c\u01a1 h\u1ed9i th\u1eafng an to\u00e0n\">\n\t\t\t\t\t\t\t\t<img loading=\"lazy\" decoding=\"async\" width=\"300\" height=\"150\" src=\"https:\/\/ballistic-medball.com\/wp-content\/uploads\/2025\/08\/gia-tri-cot-loi-won88-huong-toi-300x150.jpg\" class=\"attachment-medium size-medium wp-post-image\" alt=\"\" srcset=\"https:\/\/ballistic-medball.com\/wp-content\/uploads\/2025\/08\/gia-tri-cot-loi-won88-huong-toi-300x150.jpg 300w, https:\/\/ballistic-medball.com\/wp-content\/uploads\/2025\/08\/gia-tri-cot-loi-won88-huong-toi-768x384.jpg 768w, https:\/\/ballistic-medball.com\/wp-content\/uploads\/2025\/08\/gia-tri-cot-loi-won88-huong-toi.jpg 800w\" sizes=\"auto, (max-width: 300px) 100vw, 300px\" \/>\t\t\t\t\t\t\t<\/a>\n  \t\t\t\t\t\t\t  \t\t\t\t\t\t\t  \t\t\t\t\t\t<\/div>\n  \t\t\t\t\t\t  \t\t\t\t\t<\/div>\n          \t\t\t\t\t<div class=\"box-text text-center\" >\n\t\t\t\t\t<div class=\"box-text-inner blog-post-inner\">\n\n\t\t\t\t\t\n\t\t\t\t\t\t\t\t\t\t<h5 class=\"post-title is-large \">\n\t\t\t\t\t\t<a href=\"https:\/\/ballistic-medball.com\/?p=240\" class=\"plain\">\u1ee8ng d\u1ee5ng s\u1ed5 m\u01a1 l\u00f4 \u0111\u1ec1 \u2013 T\u00ecm ki\u1ebfm c\u01a1 h\u1ed9i th\u1eafng an to\u00e0n<\/a>\n\t\t\t\t\t<\/h5>\n\t\t\t\t\t\t\t\t\t\t<div class=\"is-divider\"><\/div>\n\t\t\t\t\t\t\t\t\t\t<p class=\"from_the_blog_excerpt \">\n\t\t\t\t\t\t06Th6 L\u00f4 \u0111\u1ec1 l\u00e0 m\u1ed9t tr\u00f2 ch\u01a1i ph\u1ed5 bi\u1ebfn v\u00e0 c\u00f3 h\u00e0ng ch\u1ee5c ph\u01b0\u01a1ng ph\u00e1p [...]\t\t\t\t\t<\/p>\n\t\t\t\t\t                    \n\t\t\t\t\t\n\t\t\t\t\t\n\t\t\t\t\t<\/div>\n\t\t\t\t\t<\/div>\n\t\t\t\t\t\t\t\t\t\t\t\t\t\t\t\t<div class=\"badge absolute top post-date badge-outline\">\n\t\t\t\t\t\t\t<div class=\"badge-inner\">\n\t\t\t\t\t\t\t\t<span class=\"post-date-day\">18<\/span><br>\n\t\t\t\t\t\t\t\t<span class=\"post-date-month is-xsmall\">Th8<\/span>\n\t\t\t\t\t\t\t<\/div>\n\t\t\t\t\t\t<\/div>\n\t\t\t\t\t\t\t\t\t<\/div>\n\t\t\t<\/div>\n\t\t<\/div><div class=\"col post-item\" data-animate=\"fadeInDown\">\n\t\t\t<div class=\"col-inner\">\n\t\t\t\t<div class=\"box box-default box-text-bottom box-blog-post has-hover\">\n          \t\t\t\t\t<div class=\"box-text text-center\" >\n\t\t\t\t\t<div class=\"box-text-inner blog-post-inner\">\n\n\t\t\t\t\t\n\t\t\t\t\t\t\t\t\t\t<h5 class=\"post-title is-large \">\n\t\t\t\t\t\t<a href=\"https:\/\/ballistic-medball.com\/?p=1\" class=\"plain\">Hello world!<\/a>\n\t\t\t\t\t<\/h5>\n\t\t\t\t\t<div class=\"post-meta is-small op-8\">Th\u00e1ng 8 13, 2025<\/div>\t\t\t\t\t<div class=\"is-divider\"><\/div>\n\t\t\t\t\t\t\t\t\t\t<p class=\"from_the_blog_excerpt \">\n\t\t\t\t\t\tWelcome to WordPress. This is your first post. Edit or delete it, then start writing!\t\t\t\t\t<\/p>\n\t\t\t\t\t                                            <p class=\"from_the_blog_comments uppercase is-xsmall\">\n                            1 B\u00ecnh lu\u1eadn                        <\/p>\n                    \n\t\t\t\t\t\n\t\t\t\t\t\n\t\t\t\t\t<\/div>\n\t\t\t\t\t<\/div>\n\t\t\t\t\t\t\t\t\t<\/div>\n\t\t\t<\/div>\n\t\t<\/div><\/div>\n\n\n\t\t<\/div>\n\t\t\t\t\n<style>\n#col-436921488 > .col-inner {\n  padding: 15px 15px 15px 15px;\n}\n<\/style>\n\t<\/div>\n\n\t\n\n<\/div>\n\n","protected":false},"excerpt":{"rendered":"","protected":false},"author":2,"featured_media":0,"parent":0,"menu_order":0,"comment_status":"closed","ping_status":"closed","template":"","meta":{"footnotes":""},"class_list":["post-13","page","type-page","status-publish","hentry"],"_links":{"self":[{"href":"https:\/\/ballistic-medball.com\/index.php?rest_route=\/wp\/v2\/pages\/13","targetHints":{"allow":["GET"]}}],"collection":[{"href":"https:\/\/ballistic-medball.com\/index.php?rest_route=\/wp\/v2\/pages"}],"about":[{"href":"https:\/\/ballistic-medball.com\/index.php?rest_route=\/wp\/v2\/types\/page"}],"author":[{"embeddable":true,"href":"https:\/\/ballistic-medball.com\/index.php?rest_route=\/wp\/v2\/users\/2"}],"replies":[{"embeddable":true,"href":"https:\/\/ballistic-medball.com\/index.php?rest_route=%2Fwp%2Fv2%2Fcomments&post=13"}],"version-history":[{"count":37,"href":"https:\/\/ballistic-medball.com\/index.php?rest_route=\/wp\/v2\/pages\/13\/revisions"}],"predecessor-version":[{"id":621,"href":"https:\/\/ballistic-medball.com\/index.php?rest_route=\/wp\/v2\/pages\/13\/revisions\/621"}],"wp:attachment":[{"href":"https:\/\/ballistic-medball.com\/index.php?rest_route=%2Fwp%2Fv2%2Fmedia&parent=13"}],"curies":[{"name":"wp","href":"https:\/\/api.w.org\/{rel}","templated":true}]}}